{"id":5,"date":"2013-08-21T18:03:46","date_gmt":"2013-08-21T16:03:46","guid":{"rendered":"http:\/\/netzwerke-21.de\/wordpress\/?page_id=5"},"modified":"2020-05-19T20:46:36","modified_gmt":"2020-05-19T18:46:36","slug":"die-netzwerke","status":"publish","type":"page","link":"https:\/\/netzwerke-21.de\/?page_id=5","title":{"rendered":"Die Netzwerke"},"content":{"rendered":"<p>Mit dem Bau des unterirdischen Bahnknotens Stuttgart 21 m\u00fcssen allein im Stadtgebiet Stuttgart rund 60 km Tunnel durch geologisch schwieriges Gestein gegraben sowie Grundwasser abgesenkt und zum Teil auch wieder infiltriert werden. Von der Unterfahrung und der daf\u00fcr erforderlichen Gestattung durch die Eigent\u00fcmer\u00a0 sind nach offiziellen Angaben der Bahn 3.362 Grundst\u00fccke betroffen.<\/p>\n<p>Die Netzwerke sind ein Zusammenschlu\u00df von Gruppen der durch die Bauarbeiten Stuttgart 21 direkt Betroffenen in verschiedenen Stuttgarter Stadtteilen:<\/p>\n<ul>\n<li>Netzwerk Kernerviertel<\/li>\n<li>Netzwerk Killesberg<\/li>\n<li>Netzwerk Wangen\/Untert\u00fcrkheim<\/li>\n<li>Netzwerk Gablenberg<\/li>\n<\/ul>\n<p>Folgende Aufgaben haben sich die Netzwerke gestellt:<\/p>\n<p>\u2022 Informationen \u00fcber Planungen, Baufortschritte, Gefahren, Plan\u00e4nderungen, rechtliche Grundlagen, Belastungen etc. des Vorhabens S21 zu sammeln, an die Betroffenen weiterzugeben und in regelm\u00e4\u00dfigen Foren dar\u00fcber zu beraten.<br \/>\n\u2022 Durch Veranstaltungen, Aktionen und Demonstrationen auf Gefahren f\u00fcr Menschen und Verm\u00f6gen durch S21 aufmerksam zu machen.<br \/>\n\u2022 Die Interessen der Netzwerk-Mitglieder nach au\u00dfen (gegen\u00fcber Politik, Bahn, Presse) zu vertreten.<br \/>\n\u2022 Beitr\u00e4ge zu leisten, um die Netzwerk-Mitglieder vor gr\u00f6\u00dferem Schaden an der Immobilie oder Beeintr\u00e4chtigungen jeder Art infolge von S21 zu bewahren.<br \/>\n\u2022 Die gegenseitige Unterst\u00fctzung bei Enteignungsverhandlungen mit der Bahn zu f\u00f6rdern.<br \/>\n\u2022 Gutachten in Auftrag zu geben, um die fachliche Kl\u00e4rung hinsichtlich geologischer, bautechnischer oder juristischer Belange herbeizuf\u00fchren.<br \/>\n\u2022 Einzelne oder mehrere Netzwerk-Mitglieder in juristischen Belangen nach Beschlusslage des Vereins zu unterst\u00fctzen (Musterklagen).<\/p>\n<p>Schreiben Sie uns, wenn Sie Fragen haben oder einem der Netzwerke beitreten m\u00f6chten, unter folgenden\u00a0\u00a0<strong><span style=\"text-decoration: underline;\">Kontakt-E-Mail-Adressen:<\/span><\/strong><\/p>\n<p><strong>Netzwerk Kernerviertel<\/strong> \/ Frank Schweizer \/ k21-netzwerke[at]gmx.de<\/p>\n<p><strong>Netzwerk Killesberg und Umgebung e.V.<\/strong> \/ Ulrich Hangleiter \/ kontakt[at]netzwerk-killesberg.de<\/p>\n<p><strong>Netzwerk Gablenberg<\/strong> \/ Rolf Ade \/ gablenberg[at]unser-park.de<\/p>\n<p><strong>Netzwerk Wangen und Untert\u00fcrkheim<\/strong> \/ Barbara Weber<\/p>\n<p>Unser Zusammenschluss ist\u00a0 offen f\u00fcr weitere Gruppen, die sich in den anderen betroffenen Stadtteilen gr\u00fcnden m\u00f6chten.<\/p>\n<p><span style=\"color: #0000ff;\">Wenn Sie die Arbeit der Netzwerke finanziell unterst\u00fctzen m\u00f6chten, hier unsere <strong>Kontonummer der &#8222;Netzwerke 21 \/ Frank Schweizer&#8220;\u00a0 bei der GLS Bank<\/strong>:<\/span><\/p>\n<p><strong>IBAN: <\/strong>DE 41 4306 0967 7010 3996 00<br \/>\n<span style=\"color: #0000ff;\"> <strong>BLZ \u00a0 \u00a0<\/strong> \u00a0 \u00a0\u00a0\u00a0\u00a0 : 4306 0967<\/span><br \/>\n<span style=\"color: #0000ff;\"> <strong>Konto Nr.:<\/strong>\u00a0 7010 3996<\/span><br \/>\n<span style=\"color: #0000ff;\"> <strong>BIC:<\/strong> GENODEM1GLS<\/span><\/p>\n<p>&nbsp;<\/p>\n","protected":false},"excerpt":{"rendered":"<p>Mit dem Bau des unterirdischen Bahnknotens Stuttgart 21 m\u00fcssen allein im Stadtgebiet Stuttgart rund 60 km Tunnel durch geologisch schwieriges Gestein gegraben sowie Grundwasser abgesenkt und zum Teil auch wieder infiltriert werden. Von der Unterfahrung und der daf\u00fcr erforderlichen Gestattung &hellip; <a href=\"https:\/\/netzwerke-21.de\/?page_id=5\">Weiterlesen <span class=\"meta-nav\">&rarr;<\/span><\/a><\/p>\n","protected":false},"author":1,"featured_media":0,"parent":0,"menu_order":0,"comment_status":"closed","ping_status":"closed","template":"","meta":{"footnotes":""},"class_list":["post-5","page","type-page","status-publish","hentry"],"_links":{"self":[{"href":"https:\/\/netzwerke-21.de\/index.php?rest_route=\/wp\/v2\/pages\/5","targetHints":{"allow":["GET"]}}],"collection":[{"href":"https:\/\/netzwerke-21.de\/index.php?rest_route=\/wp\/v2\/pages"}],"about":[{"href":"https:\/\/netzwerke-21.de\/index.php?rest_route=\/wp\/v2\/types\/page"}],"author":[{"embeddable":true,"href":"https:\/\/netzwerke-21.de\/index.php?rest_route=\/wp\/v2\/users\/1"}],"replies":[{"embeddable":true,"href":"https:\/\/netzwerke-21.de\/index.php?rest_route=%2Fwp%2Fv2%2Fcomments&post=5"}],"version-history":[{"count":30,"href":"https:\/\/netzwerke-21.de\/index.php?rest_route=\/wp\/v2\/pages\/5\/revisions"}],"predecessor-version":[{"id":33548,"href":"https:\/\/netzwerke-21.de\/index.php?rest_route=\/wp\/v2\/pages\/5\/revisions\/33548"}],"wp:attachment":[{"href":"https:\/\/netzwerke-21.de\/index.php?rest_route=%2Fwp%2Fv2%2Fmedia&parent=5"}],"curies":[{"name":"wp","href":"https:\/\/api.w.org\/{rel}","templated":true}]}}