{"id":4541,"date":"2014-10-06T17:59:01","date_gmt":"2014-10-06T15:59:01","guid":{"rendered":"http:\/\/netzwerke-21.de\/?page_id=4541"},"modified":"2019-05-23T00:18:32","modified_gmt":"2019-05-22T22:18:32","slug":"infomaterial","status":"publish","type":"page","link":"https:\/\/netzwerke-21.de\/?page_id=4541","title":{"rendered":"Infomaterial"},"content":{"rendered":"<p><strong>Gutachten und Messungen der Bahn zu L\u00e4rm und Ersch\u00fctterung:<\/strong> <a href=\"http:\/\/www.bahnprojekt-stuttgart-ulm.de\/auf-der-baustelle\/gutachten\/\" target=\"_blank\" rel=\"noopener noreferrer\">http:\/\/www.bahnprojekt-stuttgart-ulm.de\/auf-der-baustelle\/gutachten\/immissionen\/<\/a><\/p>\n<p><strong>Bauinfo bei Beschwerden:<\/strong> <a href=\"http:\/\/www.bahnprojekt-stuttgart-ulm.de\/auf-der-baustelle\/bauinfo\/\" target=\"_blank\" rel=\"noopener noreferrer\">http:\/\/www.bahnprojekt-stuttgart-ulm.de\/auf-der-baustelle\/bauinfo\/<\/a><\/p>\n<p><strong>Baul\u00e4rm : was k\u00f6nnen Anwohner bei unertr\u00e4glichen Baul\u00e4rm im ersten Schritt machen ?\u00a0<\/strong><\/p>\n<p>1. Beschweren Sie sich bei der Hotline der <a href=\"http:\/\/www.bahnprojekt-stuttgart-ulm.de\/auf-der-baustelle\/bauinfo\/\" target=\"_blank\" rel=\"noopener noreferrer\">Baustelleninfo des Kommunikationsb\u00fcros<\/a>, die rund um die Uhr besetzt ist:\u00a0 0711 \/ 21 3 21 21 2 oder schreiben Sie eine E-Mail an bauen@stuttgart-ulm.de und an die st\u00e4dtische B\u00fcrgerbeaufragte Alice Kaiser <a href=\"https:\/\/email.t-online.de\/em\/html\/mailreadview\/getmsg?m=13649348971358210&amp;f=INBOX&amp;pmtpt=html%2Cplain&amp;mtpp=html&amp;ec=1#\">ronja.griegel@stuttgart.de<\/a><\/p>\n<p>2. Beschweren Sie sich am besten auch schriftlich beim Eisenbahn-Bundesamt \u2013 Au\u00dfenstelle Stuttgart (Olgastr.13 \/ Tel.22816-0 \/ Fax. 22816-299 \/<a title=\"mailto:poststelle@eba.bund.de (\u00d6ffnet\u00a0neues\u00a0Fenster)\" href=\"mailto:poststelle@eba.bund.de\" target=\"_blank\" rel=\"noopener noreferrer\">poststelle@eba.bund.de<\/a>). Das Eisenbahn-Bundesamt ist die Aufsichtsbeh\u00f6rde, die w\u00e4hrend der Bauarbeiten zur \u00dcberwachung der L\u00e4rmschutzauflagen verpflichtet ist. Es ist wichtig, dass Beschwerden auch aktenkundig werden, damit die Aufsichtsbeh\u00f6rde handeln muss.<\/p>\n<p>3. N\u00e4chtliche St\u00f6rungen durch die Piepser r\u00fcckw\u00e4rtfahrender Baustellenfahrzeuge m\u00fcssen nicht sein. <a title=\"Netzwerk Kernerviertel mit Bezirksbeirat Mitte bei Vor-Ort-Termin zu R\u00fcckw\u00e4rts-\u201eKr\u00e4chzern\u201c\" href=\"http:\/\/netzwerke-21.de\/?p=10464\" target=\"_blank\" rel=\"noopener noreferrer\">Die Bahn hat jetzt zugesichert, dass diese jetzt durch &#8222;Kr\u00e4chzer&#8220; ersetzt werden.<\/a> Es gibt auch keine Pflicht, ausschlie\u00dflich die Pipser als akustisches Warnsignal zu nutzen (<a title=\"BI Westend\" href=\"http:\/\/www.westend21.de\/c\/document_library\/get_file?uuid=836de64a-2765-4b13-9449-ded2fdb692b4&amp;groupId=232399\" target=\"_blank\" rel=\"noopener noreferrer\">Info hier<\/a>).<\/p>\n<p>4. Messen Sie mit einem einfachen Schallmessger\u00e4t den L\u00e4rmpegel. Mit L\u00e4rmmess-App (<a href=\"https:\/\/play.google.com\/store\/apps\/details?id=kr.sira.sound&amp;hl=de\" target=\"_blank\" rel=\"noopener noreferrer\">Android<\/a> \/ <a href=\"https:\/\/itunes.apple.com\/de\/app\/splnfft-noise-meter\/id355396114?mt=8\" target=\"_blank\" rel=\"noopener noreferrer\">I-Phone<\/a>) kann man auch den L\u00e4rmpegel messen. Allerdings sind die Messungen sehr ungenau. Wenn Ihnen bei der Bauinfo nicht geglaubt wird, dann gehen Sie am besten zur Baustelle (wenn m\u00f6glich auch Nachts) und filmen Sie die L\u00e4rmquelle.<\/p>\n<p>5. Lassen Sie sich nicht mit der pauschalen Behauptung abwimmeln, es g\u00e4be keine \u00dcberschreitung, es w\u00fcrden alle L\u00e4rmwerte eingehalten. F\u00fcr Gebiete, in denen \u00fcber- wiegend Wohnungen untergebracht sind, gelten nach der AVV-Baul\u00e4rm folgende Richt-werte:\u00a0 Tags max. 55 db(A) \/ Nachts max. 40 db (A). Die Bahn darf allerdings nach der Planfeststellung\u00a0 die L\u00e4rmwerte mehr als zwei Monate um mehr als 5dB(A) \u00fcber den Richtwerten \u00fcberschreiten, soweit Schutzma\u00dfnahmen wie passiver Schallschutz umgesetzt sind. Die schalltechnischen Detailgutachten mit den L\u00e4rmprognosen f\u00fcr einzelne ausgew\u00e4hlte Immissionspunkte der einzelnen Planfeststellungsabschnitte finden Sie <a href=\"http:\/\/www.bahnprojekt-stuttgart-ulm.de\/no_cache\/mediathek\/detail\/media\/immissionen-detailgutachten-schall\/mediaParameter\/show\/Medium\/\" target=\"_blank\" rel=\"noopener noreferrer\">hier<\/a>. Im Nachtzeitraum darf jedoch im Wohngebiet 60 dB(A) nicht \u00fcberschritten werden.<\/p>\n<p>6. Wenn Sie innerhalb von 10 Tagen keine Antwort haben \u2013 nochmals schreiben, anrufen oder E-Mail versenden. Fordern Sie von der Bauinfo Messungen und Messdaten ein. Die Bahn hatte zugesagt, Messdaten auch im Internet (<a href=\"http:\/\/www.bahnprojekt-stuttgart-ulm.de\/auf-der-baustelle\/gutachten\/immissionen\/\" target=\"_blank\" rel=\"noopener noreferrer\">hier<\/a>) zu ver\u00f6ffentlichen.<\/p>\n<p>7. Wenn Sie Eigent\u00fcmer der Wohnung sind,\u00a0 fordern Sie bei der Bauinfo einen Auszug aus dem Gutachten f\u00fcr den passiven Schallschutz f\u00fcr Ihr Haus bzw. Ihre Wohnung an. Dieser Auszug muss alle f\u00fcr die Berechnung der Schallschutzfenster erforderlichen Grundlagen enthalten ( prognostizierte Pegel an den einzelnen Fassaden, Berechnung des Innenschallpegels) Dieses Gutachten h\u00e4lt die Bahn bislang mit dem Hinweis auf den Datenschutz unter Verschluss. Als Eigent\u00fcmer haben Sie jedoch das Recht, die darin ermittelten L\u00e4rmprognosen f\u00fcr die jeweiligen Stockwerke und Fassaden Ihres Hauses schriftlich zu bekommen. Vergleichen Sie diese Werte unbedingt mit den Prognosen aus den in 5. genannten schalltechnischen Detailgutachten, ob sie ungef\u00e4hr realistisch sein k\u00f6nnen. Liegen die Prognosen mehr als zwei Monate mit +5 dB(A) \u00fcber den Richtwerten der AVV-Baul\u00e4rm haben Sie Anspruch auf passiven Schallschutz.<\/p>\n","protected":false},"excerpt":{"rendered":"<p>Gutachten und Messungen der Bahn zu L\u00e4rm und Ersch\u00fctterung: http:\/\/www.bahnprojekt-stuttgart-ulm.de\/auf-der-baustelle\/gutachten\/immissionen\/ Bauinfo bei Beschwerden: http:\/\/www.bahnprojekt-stuttgart-ulm.de\/auf-der-baustelle\/bauinfo\/ Baul\u00e4rm : was k\u00f6nnen Anwohner bei unertr\u00e4glichen Baul\u00e4rm im ersten Schritt machen ?\u00a0 1. Beschweren Sie sich bei der Hotline der Baustelleninfo des Kommunikationsb\u00fcros, die rund &hellip; <a href=\"https:\/\/netzwerke-21.de\/?page_id=4541\">Weiterlesen <span class=\"meta-nav\">&rarr;<\/span><\/a><\/p>\n","protected":false},"author":6,"featured_media":0,"parent":0,"menu_order":0,"comment_status":"closed","ping_status":"closed","template":"","meta":{"footnotes":""},"class_list":["post-4541","page","type-page","status-publish","hentry"],"_links":{"self":[{"href":"https:\/\/netzwerke-21.de\/index.php?rest_route=\/wp\/v2\/pages\/4541","targetHints":{"allow":["GET"]}}],"collection":[{"href":"https:\/\/netzwerke-21.de\/index.php?rest_route=\/wp\/v2\/pages"}],"about":[{"href":"https:\/\/netzwerke-21.de\/index.php?rest_route=\/wp\/v2\/types\/page"}],"author":[{"embeddable":true,"href":"https:\/\/netzwerke-21.de\/index.php?rest_route=\/wp\/v2\/users\/6"}],"replies":[{"embeddable":true,"href":"https:\/\/netzwerke-21.de\/index.php?rest_route=%2Fwp%2Fv2%2Fcomments&post=4541"}],"version-history":[{"count":14,"href":"https:\/\/netzwerke-21.de\/index.php?rest_route=\/wp\/v2\/pages\/4541\/revisions"}],"predecessor-version":[{"id":31414,"href":"https:\/\/netzwerke-21.de\/index.php?rest_route=\/wp\/v2\/pages\/4541\/revisions\/31414"}],"wp:attachment":[{"href":"https:\/\/netzwerke-21.de\/index.php?rest_route=%2Fwp%2Fv2%2Fmedia&parent=4541"}],"curies":[{"name":"wp","href":"https:\/\/api.w.org\/{rel}","templated":true}]}}