{"id":315,"date":"2013-10-12T01:25:22","date_gmt":"2013-10-11T23:25:22","guid":{"rendered":"http:\/\/netzwerke-21.de\/?page_id=315"},"modified":"2014-01-19T01:09:01","modified_gmt":"2014-01-18T23:09:01","slug":"videos-zur-unterfahrung","status":"publish","type":"page","link":"https:\/\/netzwerke-21.de\/?page_id=315","title":{"rendered":"Unterfahrung"},"content":{"rendered":"<p><span style=\"text-decoration: underline;\"><strong>Videos der Netzwerke:<\/strong><\/span><\/p>\n<p><span style=\"text-decoration: underline;\">17.01.2013 \/<strong>Infoveranstaltung 17.01.2014 im Rathaus: \u201cDer Tunnel unter meinem Haus \u2013 Grundbucheintrag? Entsch\u00e4digung? Haftung<\/strong>?\u201d<\/span><\/p>\n<p><strong>Gabriele Munk \/ Begr\u00fc\u00dfung<\/strong> \/ <a href=\"http:\/\/www.fluegel.tv\/beitrag\/8474\" target=\"_blank\">http:\/\/www.fluegel.tv\/beitrag\/8474<\/a><\/p>\n<p><strong>Prof.Dr. Uwe Dreiss \/ Was kommt auf die Betroffenen zu?<\/strong> \/ <a href=\"http:\/\/www.fluegel.tv\/beitrag\/8477\" target=\"_blank\">http:\/\/www.fluegel.tv\/beitrag\/8477<\/a><\/p>\n<p><strong>Baugutachter Martin Laiblin \/\u00a0 Entsch\u00e4digung f\u00fcr die Unterfahrung &#8211; darf es zweierlei Ma\u00df geben?<\/strong> \/ <a href=\"http:\/\/www.fluegel.tv\/beitrag\/8483\" target=\"_blank\">http:\/\/www.fluegel.tv\/beitrag\/8483<\/a><\/p>\n<p><strong> Fragen an Markus Laiblin<\/strong> \/\u00a0 <a href=\"http:\/\/www.fluegel.tv\/beitrag\/8485\" target=\"_blank\">http:\/\/www.fluegel.tv\/beitrag\/8485<\/a><\/p>\n<p><strong>Rechtsanwalt Klaus Lebsanft \/ Gestattungsvertrag und Bauerlaubnisvertrag<\/strong> \/ <a href=\"http:\/\/www.fluegel.tv\/beitrag\/8513\" target=\"_blank\">http:\/\/www.fluegel.tv\/beitrag\/8513<\/a><\/p>\n<p><strong>Fragen an Rechtsanwalt Klaus Lebsanft<\/strong> \/ <a href=\"http:\/\/www.fluegel.tv\/beitrag\/8489\" target=\"_blank\">http:\/\/www.fluegel.tv\/beitrag\/8489<\/a><\/p>\n<p><strong>Rechtsanwalt Dr. Armin Wirsing \/\u00a0 Haftung bei Bausch\u00e4den<\/strong> \/ <a href=\"http:\/\/www.fluegel.tv\/beitrag\/8491\" target=\"_blank\">http:\/\/www.fluegel.tv\/beitrag\/8491<\/a><\/p>\n<p><strong>Fragen an Rechtsanwalt Dr. Armin Wirsing<\/strong> \/<a href=\"http:\/\/www.fluegel.tv\/beitrag\/8500\" target=\"_blank\"> http:\/\/www.fluegel.tv\/beitrag\/8500<\/a><\/p>\n<p>08.05.2013 \/ <strong>&#8222;Das volle Programm: Geb\u00e4udesch\u00e4den, Wertminderung, Enteignung,\u2026Ulrich Hangleiter und Rudof R\u00f6der vom Netzwerk Killesberg<\/strong>&#8220; \/ <a title=\"http:\/\/www.fluegel.tv\/beitrag\/661\" href=\"http:\/\/www.fluegel.tv\/beitrag\/661\" target=\"_blank\">http:\/\/www.fluegel.tv\/beitrag\/661<\/a><\/p>\n<p>02.05.2013 \/ <strong>&#8222;Andauernde Hangrutschungen am Kriegsberg- U.Hangleiter und R.R\u00f6der vom Netzwerk Killesberg&#8220;<\/strong> \/ <a title=\"http:\/\/www.fluegel.tv\/beitrag\/6587\" href=\"http:\/\/www.fluegel.tv\/beitrag\/6587\" target=\"_blank\">http:\/\/www.fluegel.tv\/beitrag\/6587<\/a><\/p>\n<p>21.03.2013 \/ <strong>&#8222;Wir unterschreiben nicht !<\/strong> &#8222;<strong>&#8211; Frank Schweizer<\/strong> \/ <a title=\"http:\/\/www.fluegel.tv\/beitrag\/6294\" href=\"http:\/\/www.fluegel.tv\/beitrag\/6294\" target=\"_blank\">http:\/\/www.fluegel.tv\/beitrag\/6294<\/a><\/p>\n<p>15.03.2013 \/ <strong>&#8222;Schutz des Eigentums- Beim Bau von S21 ausgehebelt ? U.Hangleiter: Das sog. &#8222;Stuttgarter Gutachten! zur Entsch\u00e4digung der Eigent\u00fcmer&#8220;<\/strong> \/ <a title=\"http:\/\/www.fluegel.tv\/beitrag\/6254\" href=\"http:\/\/www.fluegel.tv\/beitrag\/6254\" target=\"_blank\">http:\/\/www.fluegel.tv\/beitrag\/6254<\/a><\/p>\n<p>15.03.2013 \/ <strong>&#8222;Schutz des Eigentums- Beim Bau von S21 ausgehebelt ? Dr.H.Behmel: Risiken f\u00fcr Haus und Grund&#8220;<\/strong> \/ <a title=\"http:\/\/www.fluegel.tv\/beitrag\/6250\" href=\"http:\/\/www.fluegel.tv\/beitrag\/6250\" target=\"_blank\">http:\/\/www.fluegel.tv\/beitrag\/6250<\/a><\/p>\n<p>15.03.2013 \/ <strong>&#8222;Schutz des Eigentums- Beim Bau von S21 ausgehebelt ? Dr.P.Deimel zum juristischen Ablauf nach Einwendungen&#8220;<\/strong> \/ <a title=\"http:\/\/www.fluegel.tv\/beitrag\/6252\" href=\"http:\/\/www.fluegel.tv\/beitrag\/6252\" target=\"_blank\">http:\/\/www.fluegel.tv\/beitrag\/6252<\/a><\/p>\n<p>15.03.2013 \/ <strong>&#8222;Schutz des Eigentums- Beim Bau von S21 ausgehebelt ? \/ Gesamtveranstaltung<\/strong> \/ <a title=\"https:\/\/www.youtube.com\/watch?v=rDTuO0jFJoU\" href=\"https:\/\/www.youtube.com\/watch?v=rDTuO0jFJoU\" target=\"_blank\">https:\/\/www.youtube.com\/watch?v=rDTuO0jFJoU<\/a><\/p>\n<p>12.03.2013 \/ <strong>Wenn es ernst wird &#8230;. mit dem Schadensersatz<\/strong> \/ <a title=\"http:\/\/www.fluegel.tv\/beitrag\/6240\" href=\"http:\/\/www.fluegel.tv\/beitrag\/6240\" target=\"_blank\">http:\/\/www.fluegel.tv\/beitrag\/6240<\/a><\/p>\n<p>01.03.2013 \/ <strong>&#8222;Wir unterschreiben nicht!&#8220;<\/strong> \/\u00a0 <a title=\"http:\/\/www.fluegel.tv\/beitrag\/60\" href=\"http:\/\/www.fluegel.tv\/beitrag\/60\" target=\"_blank\">http:\/\/www.fluegel.tv\/beitrag\/60<\/a><\/p>\n<p>15.09.2012 \/ <strong>&#8222;Informationsveranstaltung im Rathaus\u00a0 \u201cTunnelgrabungen unter Stuttgart: Ist auch ihr Eigentum betroffen?\u201d<\/strong> \/ <a title=\"http:\/\/www.fluegel.tv\/beitrag\/4843\" href=\"http:\/\/www.fluegel.tv\/beitrag\/4843\" target=\"_blank\">http:\/\/www.fluegel.tv\/beitrag\/4843<\/a><\/p>\n<p>&nbsp;<\/p>\n","protected":false},"excerpt":{"rendered":"<p>Videos der Netzwerke: 17.01.2013 \/Infoveranstaltung 17.01.2014 im Rathaus: \u201cDer Tunnel unter meinem Haus \u2013 Grundbucheintrag? Entsch\u00e4digung? Haftung?\u201d Gabriele Munk \/ Begr\u00fc\u00dfung \/ http:\/\/www.fluegel.tv\/beitrag\/8474 Prof.Dr. Uwe Dreiss \/ Was kommt auf die Betroffenen zu? \/ http:\/\/www.fluegel.tv\/beitrag\/8477 Baugutachter Martin Laiblin \/\u00a0 Entsch\u00e4digung &hellip; <a href=\"https:\/\/netzwerke-21.de\/?page_id=315\">Weiterlesen <span class=\"meta-nav\">&rarr;<\/span><\/a><\/p>\n","protected":false},"author":6,"featured_media":0,"parent":0,"menu_order":0,"comment_status":"closed","ping_status":"closed","template":"","meta":{"footnotes":""},"class_list":["post-315","page","type-page","status-publish","hentry"],"_links":{"self":[{"href":"https:\/\/netzwerke-21.de\/index.php?rest_route=\/wp\/v2\/pages\/315","targetHints":{"allow":["GET"]}}],"collection":[{"href":"https:\/\/netzwerke-21.de\/index.php?rest_route=\/wp\/v2\/pages"}],"about":[{"href":"https:\/\/netzwerke-21.de\/index.php?rest_route=\/wp\/v2\/types\/page"}],"author":[{"embeddable":true,"href":"https:\/\/netzwerke-21.de\/index.php?rest_route=\/wp\/v2\/users\/6"}],"replies":[{"embeddable":true,"href":"https:\/\/netzwerke-21.de\/index.php?rest_route=%2Fwp%2Fv2%2Fcomments&post=315"}],"version-history":[{"count":6,"href":"https:\/\/netzwerke-21.de\/index.php?rest_route=\/wp\/v2\/pages\/315\/revisions"}],"predecessor-version":[{"id":1794,"href":"https:\/\/netzwerke-21.de\/index.php?rest_route=\/wp\/v2\/pages\/315\/revisions\/1794"}],"wp:attachment":[{"href":"https:\/\/netzwerke-21.de\/index.php?rest_route=%2Fwp%2Fv2%2Fmedia&parent=315"}],"curies":[{"name":"wp","href":"https:\/\/api.w.org\/{rel}","templated":true}]}}