{"id":295,"date":"2013-10-12T00:50:47","date_gmt":"2013-10-11T22:50:47","guid":{"rendered":"http:\/\/netzwerke-21.de\/?page_id=295"},"modified":"2016-06-12T22:17:40","modified_gmt":"2016-06-12T20:17:40","slug":"infomaterial-risiken-grundwassermanagement","status":"publish","type":"page","link":"https:\/\/netzwerke-21.de\/?page_id=295","title":{"rendered":"Infomaterial Risiken f\u00fcr die Geb\u00e4udesicherheit"},"content":{"rendered":"<p>6. Er\u00f6rterungstag GWM \/ <strong><a href=\"http:\/\/www.geologie21.de\/archiv-geologie21\/131.html\">Pr\u00e4sentation von Diplom-Geologe Dr. Ralf Laternser <\/a>f\u00fcr den BUND bei der Er\u00f6rterungsverhandlung Dezember 2013 zu Hangrutschrisiken im Zusammenhang mit Stuttgart 21<\/strong><\/p>\n<p>5.Er\u00f6rterungstag GWM \/<a href=\"http:\/\/netzwerke-21.de\/wordpress\/wp-content\/uploads\/Behmel-Protokoll-13.09.13.pdf\"> <strong>Pr\u00e4sentation von Diplom-Geologe Dr.Behmle zu den Wasserwegsamkeiten vom 13.09.2013<\/strong><\/a><\/p>\n<p><strong>Stellungnahme von Diplom-Geologe Dr.Behmle zu den Baugrundrisiken und Gef\u00e4hrdungen durch Sekund\u00e4rsch\u00e4den an Geb\u00e4uden und Rohrleitungen bei Stuttgart 21 <\/strong>im PFA 1.1, 1.2, 1.5 Fernbahnzuf\u00fchrungen Hauptbahnhof- Bad Cannstatt, Feuerbach und der Stadtbahnumlegung im Gebiet Heilbronner Stra\u00dfe vom <strong><a href=\"http:\/\/netzwerke-21.de\/wordpress\/wp-content\/uploads\/Baugrundrisiken-S-21-PF-1.5.pdf\">10.10.2012<\/a> <\/strong>und<strong> <a href=\"http:\/\/netzwerke-21.de\/wordpress\/wp-content\/uploads\/Behmel-S-21-Kriegsberg-Killesberg-Kernerviertel-Juni-13.pdf\">23.06.2013<\/a><\/strong><\/p>\n<p><strong><a href=\"http:\/\/www.fluegel.tv\/beitrag\/6250\" target=\"_blank\">Fl\u00fcgel TV\/ Video<\/a> : Schutz des Eigentums \u2013 Beim Bau von S21 ausgehebelt? Dr. H. Behmel: Risiken f\u00fcr Haus und Grund, Wangen, 15.03.2013<\/strong><\/p>\n<p><strong>Faltblatt der Cannstatter gegen S21 &#8222;verrohrt,verbohrt-verantwortungslos&#8220;<\/strong> \/ <a href=\"http:\/\/cannstatter.net\/dokumente\/GWM_Faltblatt.pdf\">http:\/\/cannstatter.net\/dokumente\/GWM_Faltblatt.pdf<\/a><\/p>\n<p>27.09.2012 \/ Tunnelblick \/ <strong>Stuttgart 21 \u2013 rutscht wie geschmiert<\/strong> \/ <a href=\"http:\/\/www.tunnelblick.es\/press\/wp-content\/uploads\/2012\/09\/ES21_Tunnelblick-21_s.pdf\">http:\/\/www.tunnelblick.es\/press\/wp-content\/uploads\/2012\/09\/ES21_Tunnelblick-21_s.pdf<\/a><\/p>\n<p><strong>&#8222;Geologie21&#8220; zum Plan\u00e4nderungsverfahren Grundwassermanagement:<\/strong><\/p>\n<p><a href=\"http:\/\/www.geologie21.de\/stuttgart-mineralwasser-mineralquellen\/grundwassermanagement-stuttgart.html\">http:\/\/www.geologie21.de\/stuttgart-mineralwasser-mineralquellen\/grundwassermanagement-stuttgart.html<\/a><\/p>\n<p><a href=\"http:\/\/www.geologie21.de\/archiv-geologie21\/107.html\">http:\/\/www.geologie21.de\/archiv-geologie21\/107.html<\/a><\/p>\n<p><a href=\"http:\/\/www.geologie21.de\/archiv-geologie21\/stellungnahme-landesamt-geologie-stuttgart-21.html\">http:\/\/www.geologie21.de\/archiv-geologie21\/stellungnahme-landesamt-geologie-stuttgart-21.html<\/a><\/p>\n<p><a href=\"http:\/\/www.geologie21.de\/archiv-geologie21\/125.html\">http:\/\/www.geologie21.de\/archiv-geologie21\/125.html<\/a><\/p>\n<p><a href=\"http:\/\/www.geologie21.de\/archiv-geologie21\/126.html\">http:\/\/www.geologie21.de\/archiv-geologie21\/126.html<\/a><\/p>\n<p><strong>&#8222;Geologie21&#8220; zu den Risiken des Grundwassermanagements f\u00fcr das Kernerviertel:<\/strong><\/p>\n<p><a href=\"http:\/\/www.geologie21.de\/geologie-stuttgart\/bohrloch-203-stuttgart.html\">http:\/\/www.geologie21.de\/geologie-stuttgart\/bohrloch-203-stuttgart.html<\/a><\/p>\n<p><a href=\"http:\/\/www.geologie21.de\/archiv-geologie21\/108.html\">http:\/\/www.geologie21.de\/archiv-geologie21\/108.html<\/a><\/p>\n<p><a href=\"http:\/\/www.geologie21.de\/archiv-geologie21\/grundwassermanagemnt-gefahr-fuer-kernerviertel.html http:\/\/www.geologie21.de\/assets\/files\/pdf\/Hangrutsch%20Kerner.pdf\">http:\/\/www.geologie21.de\/archiv-geologie21\/grundwassermanagemnt-gefahr-fuer-kernerviertel.html http:\/\/www.geologie21.de\/assets\/files\/pdf\/Hangrutsch%20Kerner.pdf<\/a><\/p>\n","protected":false},"excerpt":{"rendered":"<p>6. Er\u00f6rterungstag GWM \/ Pr\u00e4sentation von Diplom-Geologe Dr. Ralf Laternser f\u00fcr den BUND bei der Er\u00f6rterungsverhandlung Dezember 2013 zu Hangrutschrisiken im Zusammenhang mit Stuttgart 21 5.Er\u00f6rterungstag GWM \/ Pr\u00e4sentation von Diplom-Geologe Dr.Behmle zu den Wasserwegsamkeiten vom 13.09.2013 Stellungnahme von Diplom-Geologe &hellip; <a href=\"https:\/\/netzwerke-21.de\/?page_id=295\">Weiterlesen <span class=\"meta-nav\">&rarr;<\/span><\/a><\/p>\n","protected":false},"author":6,"featured_media":0,"parent":0,"menu_order":0,"comment_status":"closed","ping_status":"closed","template":"","meta":{"footnotes":""},"class_list":["post-295","page","type-page","status-publish","hentry"],"_links":{"self":[{"href":"https:\/\/netzwerke-21.de\/index.php?rest_route=\/wp\/v2\/pages\/295","targetHints":{"allow":["GET"]}}],"collection":[{"href":"https:\/\/netzwerke-21.de\/index.php?rest_route=\/wp\/v2\/pages"}],"about":[{"href":"https:\/\/netzwerke-21.de\/index.php?rest_route=\/wp\/v2\/types\/page"}],"author":[{"embeddable":true,"href":"https:\/\/netzwerke-21.de\/index.php?rest_route=\/wp\/v2\/users\/6"}],"replies":[{"embeddable":true,"href":"https:\/\/netzwerke-21.de\/index.php?rest_route=%2Fwp%2Fv2%2Fcomments&post=295"}],"version-history":[{"count":12,"href":"https:\/\/netzwerke-21.de\/index.php?rest_route=\/wp\/v2\/pages\/295\/revisions"}],"predecessor-version":[{"id":17872,"href":"https:\/\/netzwerke-21.de\/index.php?rest_route=\/wp\/v2\/pages\/295\/revisions\/17872"}],"wp:attachment":[{"href":"https:\/\/netzwerke-21.de\/index.php?rest_route=%2Fwp%2Fv2%2Fmedia&parent=295"}],"curies":[{"name":"wp","href":"https:\/\/api.w.org\/{rel}","templated":true}]}}