{"id":28536,"date":"2018-05-18T21:34:54","date_gmt":"2018-05-18T19:34:54","guid":{"rendered":"http:\/\/netzwerke-21.de\/?page_id=28536"},"modified":"2018-05-20T22:38:35","modified_gmt":"2018-05-20T20:38:35","slug":"datenschutz","status":"publish","type":"page","link":"https:\/\/netzwerke-21.de\/?page_id=28536","title":{"rendered":"Datenschutz"},"content":{"rendered":"<h1><strong>Datenschutzerkl\u00e4rung<\/strong><\/h1>\n<div class=\"entry-content\">\n<p>Mit dieser Datenschutzerkl\u00e4rung informieren wir Sie gem\u00e4\u00df Art.13 Datenschutzgrundverordnung (DS-GVO) \u00fcber die Verarbeitung Ihrer personenbezogenen Daten (Daten), wenn Sie die Internetseite www.netzwerke-21.de besuchen.<\/p>\n<p><strong>1<\/strong>. <strong>Name und Kontaktdaten des Verantwortlichen<\/strong><\/p>\n<p>Frank Schweizer<br \/>\nKernerstr. 32<br \/>\n70182 Stuttgart<\/p>\n<p>k21-netzwerke [at] gmx.de<\/p>\n<p><strong>Netzwerke 21:<\/strong><\/p>\n<\/div>\n<ul>\n<li><strong>Netzwerk Kernerviertel<\/strong> \/ Frank Schweizer \/ k21-netzwerke [at] gmx.de<\/li>\n<li><strong>Netzwerk Killesberg und Umgebung<\/strong>\/ Ulrich Hangleiter \/ kontakt[at]netzwerk-killesberg.de<\/li>\n<li><strong>Netzwerk Gablenberg<\/strong> \/ Rolf Ade \/ gablenberg@unser-park.de<\/li>\n<li><strong>Netzwerk Wangen und Untert\u00fcrkheim<\/strong> \/ Barbara Weber \/ zukunftschiene@gmx.de<\/li>\n<\/ul>\n<p><strong>2. Kontaktaufnahme<\/strong><\/p>\n<p>Sofern Sie uns per E-Mail, Brief, Telefon, Fax kontaktieren, willigen Sie in die Verarbeitung Ihrer \u00fcbermittelten Daten zur Bearbeitung und Dokumentation Ihrer Anfrage ein. Soweit Sie eingewilligt haben, erhalten Sie regelm\u00e4\u00dfig Rundmails des jeweiligen Netzwerks. Rechtsgrundlage f\u00fcr die Verarbeitung ist Art. 6 Abs. 1 lit. a DS-GVO.<\/p>\n<p>Sie haben nach Art.7 Abs. 3 DS-GVO das Recht jederzeit Ihre Einwilligung zu widerrufen, in dem Sie eine E-Mail an die E-Mail-Adresse des jeweiligen Netzwerks schreiben. Ihre Daten werden dann gel\u00f6scht.<\/p>\n<div class=\"entry-content\">\n<p><strong>3. Nutzungsdaten<\/strong><br \/>\nUnser Blog wird auf einem Server von HostEurope in Frankreich gehostet. Auf dem werden folgende Datens\u00e4tze unserer Internetbesuche verarbeitet:<\/p>\n<ul>\n<li>URL und Port<\/li>\n<li>IP Adresse (gek\u00fcrzt um das letzte Byte)<\/li>\n<li>Datum und Uhrzeit<\/li>\n<li>Referrer, d.h. die Seite, von der aus aufgerufen wurde<\/li>\n<\/ul>\n<p>Durch die K\u00fcrzung der IP-Adresse erm\u00f6glichen wir Ihnen &#8211; soweit m\u00f6glich &#8211; eine anonyme Nutzung unserer Webseiten. Nutzerprofile anhand der IP-Adresse sind somit ausgeschlossen. Die einzelnen Eintr\u00e4ge in den Logdateien lassen keinen R\u00fcckschluss mehr auf eine einzelne Person zu. Die Verarbeitung dieser Daten erfolgt auf Grundlage von Art. 6 Abs. 1 lit f DS-GVO.\u00a0 Wir haben ein berechtigtes Interesse daran, dass Ihnen unsere Webseite richtig angezeigt wird, wir bei St\u00f6rungen und Hackerangriffen die Ursachen schnell erkennen und beheben k\u00f6nnen und wir diese Daten zu statistischen Zwecken anonymisiert auswerten.<\/p>\n<p><strong>4. Cookies<\/strong><\/p>\n<p>Beim Besuch unserer Seite werden keine wordpress-cookies eingesetzt.<\/p>\n<p><strong>5. Statistik<em><br \/>\n<\/em><\/strong><\/p>\n<p>Um Statistiken \u00fcber die H\u00e4ufigkeit der Besuche unserer Homepage erkennen und optimieren zu k\u00f6nnen, setzen wir auf Basis unseres berechtigten Interesses das <a title=\"\" href=\"https:\/\/hosting.1und1.de\/digitalguide\/hosting\/blogs\/web-analyse-mit-piwik-auch-als-wordpress-plugin\/\" target=\"_blank\" rel=\"noopener noreferrer\">Analyse- Tool\u00a0 Piwic\/Matomo<\/a> gem\u00e4\u00df Art. 6 Abs. 1 lit. f DS-GVO ein. Unser virtueller, selbst gehosteter Analyse-Server steht in Deutschland. Bei der Statistik werden Daten erhoben, verarbeitet und gespeichert, aus denen unter einem Pseudonym Nutzungsprofile erstellt werden. Selbstverst\u00e4ndlich werden keine personenbezogenen Daten der Besucher erhoben.\u00a0 IP-Adressen werden unverz\u00fcglich nach Erhebung durch L\u00f6schen des letzten Nummernblocks anonymisiert, sodass auch hier kein Personenbezug m\u00f6glich ist. Erhoben werden Statistiken zu den Aufrufen einzelner WordPress-Webseiten:<\/p>\n<\/div>\n<ul>\n<li>geographischer Zugriff<\/li>\n<li>Tageszeit des Seitenbesuchs<\/li>\n<li>Informationen \u00fcber das Betriebssystem, den Browser (neben dem Anbieter erf\u00e4hrt man auch, welche Plug-ins bei dem Seitenaufruf aktiviert waren) und den Ger\u00e4tetyp der Besucher (beispielsweise ob ein Desktop-PC, ein Tablet oder ein Smartphone genutzt wurde)<\/li>\n<li>Quelle der Besucher (wurde die Webseite \u00fcber einen Link oder \u00fcber die Eingabe der Adresse in die URL-Leiste des Browsers aufgerufen?)<\/li>\n<li>Durchgef\u00fchrte Aktionen der User auf der Webseite (welche Links wurden geklickt, zu welchen Bestandteilen der Seite wurde gescrollt etc.)<\/li>\n<li>Aufenthaltszeit der Besucher auf der Webseite<\/li>\n<li>Nutzungsanalyse der internen Website-Suchfunktion: Auswertung der Suchbegriffe, die von Besuchern in die interne Suchmaske einer Website eingegeben werden, sowie der generellen Nutzung der Suchfunktion.<\/li>\n<\/ul>\n<div class=\"entry-content\">\n<p>Sie k\u00f6nnen sich hier entscheiden, ob in Ihrem Browser ein eindeutiger Webanalyse-Cookie abgelegt werden darf, um dem Betreiber der Website die Erfassung und Analyse verschiedener statistischer Daten zu erm\u00f6glichen.\u00a0 Wenn Sie sich dagegen entscheiden m\u00f6chten, klicken Sie den folgenden Link, um den Piwik-Deaktivierungs-Cookie in Ihrem Browser abzulegen.<\/p>\n<p><input id=\"trackVisits\" checked=\"checked\" name=\"trackVisits\" type=\"checkbox\" \/> <label for=\"trackVisits\"><strong> Ihr Besuch dieser Website wird aktuell von der Piwik Webanalyse erfasst. Klicken Sie hier, damit Ihr Besuch nicht mehr erfasst wird. <\/strong><\/label><\/p>\n<p><strong>6. \u201eSocial Media Plugins\u201c<\/strong><\/p>\n<p>Unsere Webseite nutzt Plugins der von Google betriebenen Seite YouTube. Betreiber der Seiten ist die YouTube, LLC, 901 Cherry Ave., San Bruno, CA 94066, USA. Wenn Sie eine unserer mit einem YouTube-Plugin ausgestatteten Seiten besuchen, wird eine Verbindung zu den Servern von YouTube hergestellt. Dabei wird dem Youtube-Server mitgeteilt, welche unserer Seiten Sie besucht haben.<\/p>\n<p>Wenn Sie in Ihrem YouTube-Account eingeloggt sind erm\u00f6glichen Sie YouTube, Ihr Surfverhalten direkt Ihrem pers\u00f6nlichen Profil zuzuordnen. Dies k\u00f6nnen Sie verhindern, indem Sie sich aus Ihrem YouTube-Account ausloggen.<\/p>\n<p>Weitere Informationen zum Umgang von Nutzerdaten finden Sie in der Datenschutzerkl\u00e4rung von YouTube unter: <a href=\"https:\/\/www.google.de\/intl\/de\/policies\/privacy\">https:\/\/www.google.de\/intl\/de\/policies\/privacy<\/a><\/p>\n<\/div>\n<div class=\"entry-content\">\n<p><strong>7. Ihre Rechte<br \/>\n<\/strong><\/p>\n<p>Nach <a title=\"Hinweis: Der Link \u00f6ffnet sich in einem neuen Fenster.\" href=\"https:\/\/dsgvo-gesetz.de\/art-15-dsgvo\/\" target=\"_blank\" rel=\"noopener\">Art.15 DS-GVO<\/a> haben Sie das Recht, auf schriftlichen Antrag Auskunft \u00fcber die \u00fcber Sie gespeicherten Daten zu erhalten und ggf. deren Berichtigung gem\u00e4\u00df <a title=\"Hinweis: Der Link \u00f6ffnet sich in einem neuen Fenster.\" href=\"https:\/\/dsgvo-gesetz.de\/art-16-dsgvo\/\" target=\"_blank\" rel=\"noopener\">Art 16 DS-GVO<\/a>, deren L\u00f6schung gem\u00e4\u00df <a title=\"Hinweis: Der Link \u00f6ffnet sich in einem neuen Fenster.\" href=\"https:\/\/dsgvo-gesetz.de\/art-17-dsgvo\/\" target=\"_blank\" rel=\"noopener\">Art. 17 DS-GVO<\/a> oder eine Einschr\u00e4nkung der Verarbeitung gem\u00e4\u00df <a title=\"Hinweis: Der Link \u00f6ffnet sich in einem neuen Fenster.\" href=\"https:\/\/dsgvo-gesetz.de\/art-18-dsgvo\/\" target=\"_blank\" rel=\"noopener\">Art. 18 DS-GVO<\/a>\u00a0 zu verlangen. Eine L\u00f6schung scheidet jedoch aus, wenn gesetzliche Aufbewahrungsfristen bestehen. Nach <a title=\"Hinweis: Der Link \u00f6ffnet sich in einem neuen Fenster.\" href=\"https:\/\/dsgvo-gesetz.de\/art-20-dsgvo\/\" target=\"_blank\" rel=\"noopener\">Art. 20 DS-GVO<\/a> haben Sie das Recht auf Daten\u00fcbertragbarkeit.<\/p>\n<p>Haben Sie in die Datenverarbeitung eingewilligt, so haben Sie das Recht, Ihre Einwilligung jederzeit zu widerrufen. Durch den Widerruf wird die Rechtm\u00e4\u00dfigkeit der Verarbeitung bis zum Widerruf nicht ber\u00fchrt. Der Widerruf kann in einer E-Mail an k21-netzwerke [at] gmx.de\u00a0 erkl\u00e4rt werden. Nach Widerruf werden die Daten nicht mehr verarbeitet. Dies gilt nicht, sofern wir dazu gesetzlich berechtigt oder verpflichtet sind.<\/p>\n<p>Gem\u00e4\u00df <a title=\"Hinweis: Der Link \u00f6ffnet sich in einem neuen Fenster.\" href=\"https:\/\/dsgvo-gesetz.de\/art-77-dsgvo\/\" target=\"_blank\" rel=\"noopener\">Artikel 77 DS-GVO<\/a> haben Sie das Recht bei der zust\u00e4ndigen Aufsichtsbeh\u00f6rde eine Beschwerde einzulegen und die in den Artikeln <a title=\"Hinweis: Der Link \u00f6ffnet sich in einem neuen Fenster.\" href=\"https:\/\/dsgvo-gesetz.de\/art-78-dsgvo\/\" target=\"_blank\" rel=\"noopener\">78 DS-GVO<\/a> und <a title=\"Hinweis: Der Link \u00f6ffnet sich in einem neuen Fenster.\" href=\"https:\/\/dsgvo-gesetz.de\/art-79-dsgvo\/\" target=\"_blank\" rel=\"noopener\">79 DS-GVO<\/a> aufgef\u00fchrten Rechte in Anspruch zu nehmen: Landesbeauftragter f\u00fcr Datenschutz und Informationsfreiheit, K\u00f6nigstrasse 10a, D-70173 Stuttgart.<\/p>\n<p>Soweit wir Daten zur Wahrung unserer Interessen ausschlie\u00dflich auf Grundlage von Art. 6 Abs. 1 f) DSGVO verarbeiten, haben Sie das Recht, aus Gr\u00fcnden, die sich aus Ihrer besonderen Situation ergeben, der Verarbeitung Ihrer Daten zu widersprechen mit einer E-Mail an:\u00a0 k21-netzwerke [at] gmx.de<\/p>\n<p>Legen Sie Widerspruch ein, so werden wir die betroffenen Daten nicht mehr verarbeiten, es sei denn, wir k\u00f6nnen zwingende schutzw\u00fcrdige Gr\u00fcnde f\u00fcr die Verarbeitung nachweisen, die Ihre Interessen, Rechte und Freiheiten \u00fcberwiegen oder die Verarbeitung dient der Durchsetzung von Rechtsanspr\u00fcchen.<\/p>\n<p><strong>8. Aktualit\u00e4t und \u00c4nderung dieser Datenschutzerkl\u00e4rung<\/strong><\/p>\n<p>Wir behalten uns das Recht vor, unsere Datenschutz- und Sicherheitsma\u00dfnahmen zu ver\u00e4ndern, sofern dies aufgrund von gesetzlichen Anforderungen oder der technischen Entwicklung erforderlich wird. In diesen F\u00e4llen werden wir auch unsere Hinweise zum Datenschutz entsprechend anpassen. Daher sollten Sie diese Website regelm\u00e4\u00dfig aufrufen, um sich \u00fcber den aktuellen Stand der Datenschutzerkl\u00e4rung informieren.<\/p>\n<p>Stand: 19.5.2018<\/p>\n<\/div>\n","protected":false},"excerpt":{"rendered":"<p>Datenschutzerkl\u00e4rung Mit dieser Datenschutzerkl\u00e4rung informieren wir Sie gem\u00e4\u00df Art.13 Datenschutzgrundverordnung (DS-GVO) \u00fcber die Verarbeitung Ihrer personenbezogenen Daten (Daten), wenn Sie die Internetseite www.netzwerke-21.de besuchen. 1. Name und Kontaktdaten des Verantwortlichen Frank Schweizer Kernerstr. 32 70182 Stuttgart k21-netzwerke [at] gmx.de Netzwerke &hellip; <a href=\"https:\/\/netzwerke-21.de\/?page_id=28536\">Weiterlesen <span class=\"meta-nav\">&rarr;<\/span><\/a><\/p>\n","protected":false},"author":6,"featured_media":0,"parent":0,"menu_order":0,"comment_status":"closed","ping_status":"closed","template":"","meta":{"footnotes":""},"class_list":["post-28536","page","type-page","status-publish","hentry"],"_links":{"self":[{"href":"https:\/\/netzwerke-21.de\/index.php?rest_route=\/wp\/v2\/pages\/28536","targetHints":{"allow":["GET"]}}],"collection":[{"href":"https:\/\/netzwerke-21.de\/index.php?rest_route=\/wp\/v2\/pages"}],"about":[{"href":"https:\/\/netzwerke-21.de\/index.php?rest_route=\/wp\/v2\/types\/page"}],"author":[{"embeddable":true,"href":"https:\/\/netzwerke-21.de\/index.php?rest_route=\/wp\/v2\/users\/6"}],"replies":[{"embeddable":true,"href":"https:\/\/netzwerke-21.de\/index.php?rest_route=%2Fwp%2Fv2%2Fcomments&post=28536"}],"version-history":[{"count":34,"href":"https:\/\/netzwerke-21.de\/index.php?rest_route=\/wp\/v2\/pages\/28536\/revisions"}],"predecessor-version":[{"id":28599,"href":"https:\/\/netzwerke-21.de\/index.php?rest_route=\/wp\/v2\/pages\/28536\/revisions\/28599"}],"wp:attachment":[{"href":"https:\/\/netzwerke-21.de\/index.php?rest_route=%2Fwp%2Fv2%2Fmedia&parent=28536"}],"curies":[{"name":"wp","href":"https:\/\/api.w.org\/{rel}","templated":true}]}}