{"id":253,"date":"2013-10-11T23:41:10","date_gmt":"2013-10-11T21:41:10","guid":{"rendered":"http:\/\/netzwerke-21.de\/?page_id=253"},"modified":"2014-02-26T21:42:27","modified_gmt":"2014-02-26T19:42:27","slug":"unterlagen-der-db-zur-7-planaenderung","status":"publish","type":"page","link":"https:\/\/netzwerke-21.de\/?page_id=253","title":{"rendered":"Unterlagen zum Plan\u00e4nderungsverfahren"},"content":{"rendered":"<p><span style=\"text-decoration: underline;\"><strong>Unterlagen zum Plan\u00e4nderungsverfahren Grundwassermanagement:<\/strong><\/span><\/p>\n<p>25.02.2014 \/ <a href=\"http:\/\/www.rp-stuttgart.de\/servlet\/PB\/show\/1386837\/rps-ref24-s21-gw-Anhoerungsbericht.pdf\" target=\"_blank\"><strong>Anh\u00f6rungsbericht des Regierungspr\u00e4sidiums Stuttgart zur Plan\u00e4nderung Grundwassermanagement <\/strong><\/a><\/p>\n<p>5.Er\u00f6rterungstag GWM \/<a href=\"http:\/\/netzwerke-21.de\/wordpress\/wp-content\/uploads\/Behmel-Protokoll-13.09.13.pdf\"> <strong>Pr\u00e4sentation von Diplom-Geologe Dr.Behmle zu den Wasserwegsamkeiten vom 13.09.2013<\/strong><\/a><\/p>\n<p>31.07.2013 \/ <strong>2.Stellungnahme Stadt zur\u00a0 Plan\u00e4nderung GWM der DB<\/strong> \/ <a title=\"2.Stellungnahme Stadt zur  7.Plan\u00e4nderung der DB\" href=\"http:\/\/www.rp.baden-wuerttemberg.de\/servlet\/PB\/show\/1367059\/rps-ref24-pfv-dbgrundw-stn-lhs.pdf\">http:\/\/www.rp.baden-wuerttemberg.de\/servlet\/PB\/show\/1367059\/rps-ref24-pfv-dbgrundw-stn-lhs.pdf<\/a><\/p>\n<p>31.07.2013 \/ <strong>Stellungnahme LGRB zur zusammenfassenden geotechn. Stellungnahme der DB<\/strong> \/ <a title=\"Stellungnahme LGRB zur zusammenfassenden geotechn. Stellungnahme der DB\" href=\"http:\/\/www.rp.baden-wuerttemberg.de\/servlet\/PB\/show\/1367058\/rps-ref24-pfv-dbgrundw-stn-lgrb.pdf\">http:\/\/www.rp.baden-wuerttemberg.de\/servlet\/PB\/show\/1367058\/rps-ref24-pfv-dbgrundw-stn-lgrb.pdf<\/a><\/p>\n<p><strong>Im Auftrag des Netzwerks Killesberg: Stellungnahme von Diplom-Geologe Dr.Behmle zu den Baugrundrisiken und Gef\u00e4hrdungen durch Sekund\u00e4rsch\u00e4den an Geb\u00e4uden und Rohrleitungen bei Stuttgart 21 <\/strong>im PFA 1.1, 1.2, 1.5 Fernbahnzuf\u00fchrungen Hauptbahnhof- Bad Cannstatt, Feuerbach und der Stadtbahnumlegung im Gebiet Heilbronner Stra\u00dfe vom<strong><\/strong><strong> <a href=\"http:\/\/netzwerke-21.de\/wordpress\/wp-content\/uploads\/Behmel-S-21-Kriegsberg-Killesberg-Kernerviertel-Juni-13.pdf\">23.06.2013<\/a><\/strong><\/p>\n<p>29.04.2013 \/<strong> Stellungnahme der DB zu den wiederkehrenden Einwendungen<\/strong> i<strong>m Plan\u00e4nderungsverfahren GWM<\/strong> \/\u00a0 <a title=\"Stellungnahme der DB zu den wiederkehrenden Einwendungen\" href=\"http:\/\/www.bahnprojekt-stuttgart-ulm.de\/no_cache\/mediathek\/detail\/media\/stellungnahme-des-vorhabentraegers-zu-haeufig-wiederkehrenden-einwendungen-im-planaenderungsverfahre\/mediaParameter\/show\/Medium\/\">http:\/\/www.bahnprojekt-stuttgart-ulm.de\/no_cache\/mediathek\/detail\/media\/stellungnahme-des-vorhabentraegers-zu-haeufig-wiederkehrenden-einwendungen-im-planaenderungsverfahre\/mediaParameter\/show\/Medium\/<\/a><\/p>\n<p>25.03.2013 \/ <strong>Zusammenfassende Stellungnahme der DB zur Geotechnik betreffend der Plan\u00e4nderungsverfahren f\u00fcr das GWM <\/strong>\/ <a title=\"Zusammenfassende Stellungnahme der DB zur Geotechnik betreffend der Plan\u00e4nderungsverfahren f\u00fcr das GWM \" href=\"http:\/\/www.bahnprojekt-stuttgart-ulm.de\/no_cache\/mediathek\/detail\/media\/stellungnahmen-zur-geotechnik-betreffend-der-planaenderungsverfahren-fuer-das-grundwassermanagement\/mediaParameter\/show\/Medium\/\">http:\/\/www.bahnprojekt-stuttgart-ulm.de\/no_cache\/mediathek\/detail\/media\/stellungnahmen-zur-geotechnik-betreffend-der-planaenderungsverfahren-fuer-das-grundwassermanagement\/mediaParameter\/show\/Medium\/<\/a><\/p>\n<p>13.11.2012 \/ <strong>1.Stellungnahme der Stadt Stuttgart zur Plan\u00e4nderung GWM \/ <\/strong><a title=\"1.Stellungnahme der Stadt Stuttgart zur 7.Plan\u00e4nderung \" href=\"http:\/\/www.bei-abriss-aufstand.de\/wp-content\/uploads\/RP_StellgnGrundwasser-vom-13.11.2012.pdf \">http:\/\/www.bei-abriss-aufstand.de\/wp-content\/uploads\/RP_StellgnGrundwasser-vom-13.11.2012.pdf<\/a><strong><br \/>\n<\/strong><\/p>\n<p><strong><strong>Im Auftrag des Netzwerks Killesberg: <\/strong>Stellungnahme von Diplom-Geologe Dr.Behmle zu den Baugrundrisiken und Gef\u00e4hrdungen durch Sekund\u00e4rsch\u00e4den an Geb\u00e4uden und Rohrleitungen bei Stuttgart 21 <\/strong>im PFA 1.1, 1.2, 1.5 Fernbahnzuf\u00fchrungen Hauptbahnhof- Bad Cannstatt, Feuerbach und der Stadtbahnumlegung im Gebiet Heilbronner Stra\u00dfe vom <strong><a href=\"http:\/\/netzwerke-21.de\/wordpress\/wp-content\/uploads\/Baugrundrisiken-S-21-PF-1.5.pdf\">10.10.2012<\/a> <\/strong><strong><\/strong><\/p>\n<p>22.10.2012\/ <strong>1.Stellungnahme LRBG zur Plan\u00e4nderung GWM\/<\/strong> <a title=\" 1.Stellungnahme LRBG zur 7.Plan\u00e4nderung\" href=\"http:\/\/www.geologie21.de\/assets\/files\/pdf\/11%20RP%20Freiburg%20-%20LGRB.pdf\">http:\/\/www.geologie21.de\/assets\/files\/pdf\/11%20RP%20Freiburg%20-%20LGRB.pdf<\/a><\/p>\n<p><span style=\"color: #000000;\">14.10.2012 \/\u00a0 <strong><span style=\"color: #000000;\">e<\/span>inige<\/strong> Ei<\/span><strong><span style=\"color: #000000;\">n<\/span>wendungsgr\u00fcnde f\u00fcr das Kernerviertel auf BAA<\/strong> \/ <a title=\"einige Einwendungsgr\u00fcnde f\u00fcr das Kernerviertel auf BAA \" href=\"http:\/\/www.bei-abriss-aufstand.de\/2012\/10\/14\/jetzt-einwendungen-gegen-das-7-plananderungsverfahren-gwm-abschicken\/\">http:\/\/www.bei-abriss-aufstand.de\/2012\/10\/14\/jetzt-einwendungen-gegen-das-7-plananderungsverfahren-gwm-abschicken\/<\/a><\/p>\n<p>09.10.2012 \/ <strong>Mustereinspruch des BUND zur Plan\u00e4nderung<\/strong> <strong>GWM<\/strong>\/ <a title=\"Mustereinspruch des BUND zur 7.Plan\u00e4nderung \" href=\"http:\/\/www.bund-stuttgart.de\/fileadmin\/bundgruppen\/bcmskvstuttgart\/Downloads\/121009_Mustereinspruch_siebte_Planaenderung.pdf\">http:\/\/www.bund-stuttgart.de\/fileadmin\/bundgruppen\/bcmskvstuttgart\/Downloads\/121009_Mustereinspruch_siebte_Planaenderung.pdf<\/a><\/p>\n<p>06.09.2012 \/ <strong>Unterlagen der DB AG f\u00fcr die 7.Plan\u00e4nderung<\/strong> \/\u00a0 <a title=\"Unterlagen der DB AG f\u00fcr die 7.Plan\u00e4nderung\" href=\"http:\/\/www.rp-stuttgart.de\/servlet\/PB\/menu\/1341842\/index.htmlUnterlagen\">http:\/\/www.rp-stuttgart.de\/servlet\/PB\/menu\/1341842\/index.htmlUnterlagen<\/a><\/p>\n<p>&nbsp;<\/p>\n<p>&nbsp;<\/p>\n<p>&nbsp;<\/p>\n<p>&nbsp;<\/p>\n","protected":false},"excerpt":{"rendered":"<p>Unterlagen zum Plan\u00e4nderungsverfahren Grundwassermanagement: 25.02.2014 \/ Anh\u00f6rungsbericht des Regierungspr\u00e4sidiums Stuttgart zur Plan\u00e4nderung Grundwassermanagement 5.Er\u00f6rterungstag GWM \/ Pr\u00e4sentation von Diplom-Geologe Dr.Behmle zu den Wasserwegsamkeiten vom 13.09.2013 31.07.2013 \/ 2.Stellungnahme Stadt zur\u00a0 Plan\u00e4nderung GWM der DB \/ http:\/\/www.rp.baden-wuerttemberg.de\/servlet\/PB\/show\/1367059\/rps-ref24-pfv-dbgrundw-stn-lhs.pdf 31.07.2013 \/ Stellungnahme LGRB &hellip; <a href=\"https:\/\/netzwerke-21.de\/?page_id=253\">Weiterlesen <span class=\"meta-nav\">&rarr;<\/span><\/a><\/p>\n","protected":false},"author":6,"featured_media":0,"parent":0,"menu_order":0,"comment_status":"closed","ping_status":"closed","template":"","meta":{"footnotes":""},"class_list":["post-253","page","type-page","status-publish","hentry"],"_links":{"self":[{"href":"https:\/\/netzwerke-21.de\/index.php?rest_route=\/wp\/v2\/pages\/253","targetHints":{"allow":["GET"]}}],"collection":[{"href":"https:\/\/netzwerke-21.de\/index.php?rest_route=\/wp\/v2\/pages"}],"about":[{"href":"https:\/\/netzwerke-21.de\/index.php?rest_route=\/wp\/v2\/types\/page"}],"author":[{"embeddable":true,"href":"https:\/\/netzwerke-21.de\/index.php?rest_route=\/wp\/v2\/users\/6"}],"replies":[{"embeddable":true,"href":"https:\/\/netzwerke-21.de\/index.php?rest_route=%2Fwp%2Fv2%2Fcomments&post=253"}],"version-history":[{"count":12,"href":"https:\/\/netzwerke-21.de\/index.php?rest_route=\/wp\/v2\/pages\/253\/revisions"}],"predecessor-version":[{"id":2238,"href":"https:\/\/netzwerke-21.de\/index.php?rest_route=\/wp\/v2\/pages\/253\/revisions\/2238"}],"wp:attachment":[{"href":"https:\/\/netzwerke-21.de\/index.php?rest_route=%2Fwp%2Fv2%2Fmedia&parent=253"}],"curies":[{"name":"wp","href":"https:\/\/api.w.org\/{rel}","templated":true}]}}