{"id":198,"date":"2013-10-11T17:16:48","date_gmt":"2013-10-11T15:16:48","guid":{"rendered":"http:\/\/netzwerke-21.de\/?page_id=198"},"modified":"2013-10-12T11:57:26","modified_gmt":"2013-10-12T09:57:26","slug":"videos-netzwerke","status":"publish","type":"page","link":"https:\/\/netzwerke-21.de\/?page_id=198","title":{"rendered":"Videos"},"content":{"rendered":"<p><strong>Videos \/ Unterfahrung und Teilenteignung:<\/strong><\/p>\n<p>08.05.2013 \/ <strong>&#8222;Das volle Programm: Geb\u00e4udesch\u00e4den, Wertminderung, Enteignung,\u2026Ulrich Hangleiter und Rudof R\u00f6der vom Netzwerk Killesberg<\/strong>&#8220; \/ <a title=\"http:\/\/www.fluegel.tv\/beitrag\/661\" href=\"http:\/\/www.fluegel.tv\/beitrag\/661\" target=\"_blank\">http:\/\/www.fluegel.tv\/beitrag\/661<\/a><\/p>\n<p>02.05.2013 \/ <strong>&#8222;Andauernde Hangrutschungen am Kriegsberg- U.Hangleiter und R.R\u00f6der vom Netzwerk Killesberg&#8220;<\/strong> \/ <a title=\"http:\/\/www.fluegel.tv\/beitrag\/6587\" href=\"http:\/\/www.fluegel.tv\/beitrag\/6587\" target=\"_blank\">http:\/\/www.fluegel.tv\/beitrag\/6587<\/a><\/p>\n<p>21.03.2013 \/ <strong>&#8222;Wir unterschreiben nicht !<\/strong> &#8222;<strong>&#8211; Frank Schweizer<\/strong> \/ <a title=\"http:\/\/www.fluegel.tv\/beitrag\/6294\" href=\"http:\/\/www.fluegel.tv\/beitrag\/6294\" target=\"_blank\">http:\/\/www.fluegel.tv\/beitrag\/6294<\/a><\/p>\n<p>15.03.2013 \/ <strong>&#8222;Schutz des Eigentums- Beim Bau von S21 ausgehebelt ? U.Hangleiter: Das sog. &#8222;Stuttgarter Gutachten! zur Entsch\u00e4digung der Eigent\u00fcmer&#8220;<\/strong> \/ <a title=\"http:\/\/www.fluegel.tv\/beitrag\/6254\" href=\"http:\/\/www.fluegel.tv\/beitrag\/6254\" target=\"_blank\">http:\/\/www.fluegel.tv\/beitrag\/6254<\/a><\/p>\n<p>15.03.2013 \/ <strong>&#8222;Schutz des Eigentums- Beim Bau von S21 ausgehebelt ? Dr.H.Behmel: Risiken f\u00fcr Haus und Grund&#8220;<\/strong> \/ <a title=\"http:\/\/www.fluegel.tv\/beitrag\/6250\" href=\"http:\/\/www.fluegel.tv\/beitrag\/6250\" target=\"_blank\">http:\/\/www.fluegel.tv\/beitrag\/6250<\/a><\/p>\n<p>15.03.2013 \/ <strong>&#8222;Schutz des Eigentums- Beim Bau von S21 ausgehebelt ? Dr.P.Deimel zum juristischen Ablauf nach Einwendungen&#8220;<\/strong> \/ <a title=\"http:\/\/www.fluegel.tv\/beitrag\/6252\" href=\"http:\/\/www.fluegel.tv\/beitrag\/6252\" target=\"_blank\">http:\/\/www.fluegel.tv\/beitrag\/6252<\/a><\/p>\n<p>15.03.2013 \/ <strong>&#8222;Schutz des Eigentums- Beim Bau von S21 ausgehebelt ? \/ Gesamtveranstaltung<\/strong> \/ <a title=\"https:\/\/www.youtube.com\/watch?v=rDTuO0jFJoU\" href=\"https:\/\/www.youtube.com\/watch?v=rDTuO0jFJoU\" target=\"_blank\">https:\/\/www.youtube.com\/watch?v=rDTuO0jFJoU<\/a><\/p>\n<p>12.03.2013 \/ <strong>Wenn es ernst wird &#8230;. mit dem Schadensersatz<\/strong> \/ <a title=\"http:\/\/www.fluegel.tv\/beitrag\/6240\" href=\"http:\/\/www.fluegel.tv\/beitrag\/6240\" target=\"_blank\">http:\/\/www.fluegel.tv\/beitrag\/6240<\/a><\/p>\n<p>01.03.2013 \/ <strong>&#8222;Wir unterschreiben nicht!&#8220;<\/strong> \/\u00a0 <a title=\"http:\/\/www.fluegel.tv\/beitrag\/60\" href=\"http:\/\/www.fluegel.tv\/beitrag\/60\" target=\"_blank\">http:\/\/www.fluegel.tv\/beitrag\/60<\/a><\/p>\n<p>15.09.2012 \/ <strong>&#8222;Informationsveranstaltung im Rathaus\u00a0 \u201cTunnelgrabungen unter Stuttgart: Ist auch ihr Eigentum betroffen?\u201d<\/strong> \/ <a title=\"http:\/\/www.fluegel.tv\/beitrag\/4843\" href=\"http:\/\/www.fluegel.tv\/beitrag\/4843\" target=\"_blank\">http:\/\/www.fluegel.tv\/beitrag\/4843<\/a><\/p>\n<p>Kurzfilm: <strong>&#8222;Die Untertunnelung des Stuttgarter Stadtgebiets Kurzinfo von Klaus Gebhardt&#8220;<\/strong> \/ <a title=\"http:\/\/www.fluegel.tv\/beitrag\/4775\" href=\"http:\/\/www.fluegel.tv\/beitrag\/4775\" target=\"_blank\">http:\/\/www.fluegel.tv\/beitrag\/4775<\/a><\/p>\n<p>Ausf\u00fchrlicher Film: <strong>&#8222;Die 62km Untertunnelung des Stuttgarter Stadtgebiets, ausf\u00fchrliche Erl\u00e4uterung anhand der BISS-Karte von Klaus Gebhard&#8220;<\/strong> \/ <a title=\"http:\/\/www.fluegel.tv\/beitrag\/4778\" href=\"http:\/\/www.fluegel.tv\/beitrag\/4778\" target=\"_blank\">http:\/\/www.fluegel.tv\/beitrag\/4778<\/a><\/p>\n<p>20.10.2010 \/ <strong>6.Faktenschlichtung zu Stuttgart 21 \/ Geologische Risiken beim Tunnelbau<\/strong> \/ <a title=\"http:\/\/www.bei-abriss-aufstand.de\/\" href=\"http:\/\/www.bei-abriss-aufstand.de\/\" target=\"_blank\">http:\/\/www.bei-abriss-aufstand.de\/<\/a>2010\/11\/20\/6-faktenschlichtung\/<\/p>\n","protected":false},"excerpt":{"rendered":"<p>Videos \/ Unterfahrung und Teilenteignung: 08.05.2013 \/ &#8222;Das volle Programm: Geb\u00e4udesch\u00e4den, Wertminderung, Enteignung,\u2026Ulrich Hangleiter und Rudof R\u00f6der vom Netzwerk Killesberg&#8220; \/ http:\/\/www.fluegel.tv\/beitrag\/661 02.05.2013 \/ &#8222;Andauernde Hangrutschungen am Kriegsberg- U.Hangleiter und R.R\u00f6der vom Netzwerk Killesberg&#8220; \/ http:\/\/www.fluegel.tv\/beitrag\/6587 21.03.2013 \/ &#8222;Wir unterschreiben &hellip; <a href=\"https:\/\/netzwerke-21.de\/?page_id=198\">Weiterlesen <span class=\"meta-nav\">&rarr;<\/span><\/a><\/p>\n","protected":false},"author":1,"featured_media":0,"parent":0,"menu_order":0,"comment_status":"closed","ping_status":"closed","template":"","meta":{"footnotes":""},"class_list":["post-198","page","type-page","status-publish","hentry"],"_links":{"self":[{"href":"https:\/\/netzwerke-21.de\/index.php?rest_route=\/wp\/v2\/pages\/198","targetHints":{"allow":["GET"]}}],"collection":[{"href":"https:\/\/netzwerke-21.de\/index.php?rest_route=\/wp\/v2\/pages"}],"about":[{"href":"https:\/\/netzwerke-21.de\/index.php?rest_route=\/wp\/v2\/types\/page"}],"author":[{"embeddable":true,"href":"https:\/\/netzwerke-21.de\/index.php?rest_route=\/wp\/v2\/users\/1"}],"replies":[{"embeddable":true,"href":"https:\/\/netzwerke-21.de\/index.php?rest_route=%2Fwp%2Fv2%2Fcomments&post=198"}],"version-history":[{"count":5,"href":"https:\/\/netzwerke-21.de\/index.php?rest_route=\/wp\/v2\/pages\/198\/revisions"}],"predecessor-version":[{"id":337,"href":"https:\/\/netzwerke-21.de\/index.php?rest_route=\/wp\/v2\/pages\/198\/revisions\/337"}],"wp:attachment":[{"href":"https:\/\/netzwerke-21.de\/index.php?rest_route=%2Fwp%2Fv2%2Fmedia&parent=198"}],"curies":[{"name":"wp","href":"https:\/\/api.w.org\/{rel}","templated":true}]}}