{"id":181,"date":"2013-10-11T17:07:00","date_gmt":"2013-10-11T15:07:00","guid":{"rendered":"http:\/\/netzwerke-21.de\/?page_id=181"},"modified":"2016-03-28T09:22:23","modified_gmt":"2016-03-28T07:22:23","slug":"unterfahrung","status":"publish","type":"page","link":"https:\/\/netzwerke-21.de\/?page_id=181","title":{"rendered":"Unterfahrung"},"content":{"rendered":"<div>\n<p><strong>Die Gestattungsvertr\u00e4ge f\u00fcr die Unterfahrung durch S21, die von der Bahn vorgelegt wurden, sind v\u00f6llig unzureichend. Wir unterschreiben nicht!<\/strong><\/p>\n<p>In diesen Tagen kommen Vertreter der Landsiedlung in die H\u00e4user, um die Unterschriften unter die Gestattungsvertr\u00e4ge bei den Eigent\u00fcmern einzuholen. Einem solchen Besuch vorausgegangen ist in der Regel ein Schreiben der Bahn, in dem auch ein Entsch\u00e4digungsangebot f\u00fcr die Unterfahrung enthalten ist.<\/p>\n<p>Dazu finden Sie auf unserer Webseite\u00a0 <a title=\"Empfehlungen der Netzwerke f\u00fcr betroffene Eigent\u00fcmer\" href=\"http:\/\/netzwerke-21.de\/?page_id=368\">Empfehlungen , <\/a>den <a title=\"Schutz des Eigentums \u2013 Beim Bau von S21 ausgehebelt? U. Hangleiter: Das sog. \u201cStuttgarter Gutachten\u201d zur Entsch\u00e4digung der Eigent\u00fcmer, Wangen, 15.03.2013\" href=\"http:\/\/www.fluegel.tv\/beitrag\/6254\">Vortrag <\/a>von Ulrich Hangleiter, dem Sprecher des Netzwerks Killesberg e.V., \u00fcber das sog.<a title=\"Stuttgarter Gutachten \u00fcber die Entsch\u00e4digung f\u00fcr die Eintragung von Bahnunterfahrungsdienstbarkeiten\" href=\"http:\/\/www.bahnprojekt-stuttgart-ulm.de\/no_cache\/mediathek\/detail\/media\/stuttgarter-gutachten-ueber-die-entschaedigung-fuer-die-eintragung-von-bahnunterfahrungsdienstbarkei\/mediaParameter\/show\/Medium\/\">\u201cStuttgarter\u201d-Entsch\u00e4digungsgutachten der Bahn<\/a>\u00a0 sowie eine <a title=\"Stellungnahme der Juristen zum Gestattungsvertrag der DB\" href=\"http:\/\/www.juristen-zu-stuttgart21.de\/Informationen_Stellungnahmen_files\/GestattungsvertragJurzS21.pdf\">Stellungnahme<\/a> der Juristen zu Stuttgart 21 zum Gestattungsvertrag der Bahn und einen \u00e4lteren <a title=\"Gestattungsvertrag der Juristen zu Stuttgart 21\" href=\"http:\/\/www.juristen-zu-stuttgart21.de\/Informationen_Stellungnahmen_files\/GestattungsvertragJurzS21.pdf\">Gegenentwurf<\/a>. <strong>Den aktuellen alternativen Vertrag k\u00f6nnen Sie gegen Spende bei den Netzwerken beziehen. Mehr dazu finden Sie <a href=\"http:\/\/netzwerke-21.de\/?p=3216\" target=\"_blank\">hier<\/a>. <\/strong>Weitere Informationen unter <a href=\"http:\/\/netzwerke-21.de\/?cat=17\" target=\"_blank\">Gestattungsvertr\u00e4ge<\/a>.<strong><br \/>\n<\/strong><\/p>\n<p>Wenn Sie sich \u00fcber den <strong>Steckenverlauf der geplanten 60 km-Bahntunnel in Stuttgart<\/strong> und \u00fcber die Beweisischerungsgrenzen informieren m\u00f6chten, dann k\u00f6nnen Sie dies \u00fcber die offizielle Internetseite der Bahn <a href=\"http:\/\/www.biss21.de\/\" target=\"_blank\">biss21.de<\/a> machen. Eine Erl\u00e4uterung, wie die Unterfahr-ungstiefen der Biss21-Karte zu verstehen sind, gibt Ihnen Klaus Gebhard in seinen Videos auf Fl\u00fcgel TV (<a href=\"http:\/\/www.fluegel.tv\/beitrag\/4717\" target=\"_blank\">Kurzfassung<\/a> \/ <a href=\"http:\/\/www.fluegel.tv\/beitrag\/4778\" target=\"_blank\">Langfassung<\/a>).<\/p>\n<p>Zur <strong>Beweissicherung und Schadensregluierung<\/strong> finden Sie mehr Informationen in unserem <a title=\"Neues Infoblatt der Netzwerke 21: Was muss ich als Wohneigent\u00fcmer bei der Beweissicherung beachten?\" href=\"http:\/\/netzwerke-21.de\/?p=3147\" target=\"_blank\">Infoblatt<\/a> und der <a title=\"Die Infoveranstaltung \u201eVon der Beweissicherung zum Schadensfall \u2013 was tun ?\u201c zum Nachh\u00f6ren\" href=\"http:\/\/netzwerke-21.de\/?p=2651\" target=\"_blank\">Veranstaltung zum Nachh\u00f6hren<\/a>.<\/p>\n<\/div>\n","protected":false},"excerpt":{"rendered":"<p>Die Gestattungsvertr\u00e4ge f\u00fcr die Unterfahrung durch S21, die von der Bahn vorgelegt wurden, sind v\u00f6llig unzureichend. Wir unterschreiben nicht! In diesen Tagen kommen Vertreter der Landsiedlung in die H\u00e4user, um die Unterschriften unter die Gestattungsvertr\u00e4ge bei den Eigent\u00fcmern einzuholen. Einem &hellip; <a href=\"https:\/\/netzwerke-21.de\/?page_id=181\">Weiterlesen <span class=\"meta-nav\">&rarr;<\/span><\/a><\/p>\n","protected":false},"author":1,"featured_media":0,"parent":0,"menu_order":0,"comment_status":"closed","ping_status":"closed","template":"","meta":{"footnotes":""},"class_list":["post-181","page","type-page","status-publish","hentry"],"_links":{"self":[{"href":"https:\/\/netzwerke-21.de\/index.php?rest_route=\/wp\/v2\/pages\/181","targetHints":{"allow":["GET"]}}],"collection":[{"href":"https:\/\/netzwerke-21.de\/index.php?rest_route=\/wp\/v2\/pages"}],"about":[{"href":"https:\/\/netzwerke-21.de\/index.php?rest_route=\/wp\/v2\/types\/page"}],"author":[{"embeddable":true,"href":"https:\/\/netzwerke-21.de\/index.php?rest_route=\/wp\/v2\/users\/1"}],"replies":[{"embeddable":true,"href":"https:\/\/netzwerke-21.de\/index.php?rest_route=%2Fwp%2Fv2%2Fcomments&post=181"}],"version-history":[{"count":10,"href":"https:\/\/netzwerke-21.de\/index.php?rest_route=\/wp\/v2\/pages\/181\/revisions"}],"predecessor-version":[{"id":16064,"href":"https:\/\/netzwerke-21.de\/index.php?rest_route=\/wp\/v2\/pages\/181\/revisions\/16064"}],"wp:attachment":[{"href":"https:\/\/netzwerke-21.de\/index.php?rest_route=%2Fwp%2Fv2%2Fmedia&parent=181"}],"curies":[{"name":"wp","href":"https:\/\/api.w.org\/{rel}","templated":true}]}}