{"id":140,"date":"2013-09-10T23:19:38","date_gmt":"2013-09-10T21:19:38","guid":{"rendered":"http:\/\/netzwerke-21.de\/?page_id=140"},"modified":"2013-10-12T18:32:21","modified_gmt":"2013-10-12T16:32:21","slug":"kandidaten","status":"publish","type":"page","link":"https:\/\/netzwerke-21.de\/?page_id=140","title":{"rendered":"Kandidaten"},"content":{"rendered":"<p>Im Rahmen des Bundestagswahlkampfes kandidierten zwei Mitglieder der Netzwerke: <a href=\"http:\/\/frankschweizer.de\" target=\"_blank\">Frank Schweizer im Wahlkreies Stuttgart I<\/a> und <a href=\"http:\/\/netzwerke-21.de\/?page_id=118\">Dr. Carola Eckstein im Wahlkreis Stuttgart II<\/a> als Einzelbewerber um die Probleme um S21 in den Wahlkampf einzubringen.<\/p>\n<p><strong>Die Bundestagskandidaten der Netzwerke<\/strong><\/p>\n<p>Die beiden Bundestagskandidaten der Anwohner-Netzwerke stellen sich auf den folgend aufgelisteten Webseiten vor:<\/p>\n<ul>\n<li><a href=\"http:\/\/frankschweizer.de\" target=\"_blank\">Dipl.-Ing. Frank Schweizer f\u00fcr den Wahlkreis Stuttgart I<\/a><\/li>\n<li><a href=\"http:\/\/netzwerke-21.de\/?page_id=118\">Dr. Carola Eckstein f\u00fcr den Wahlkreis Stuttgart II<\/a><\/li>\n<\/ul>\n<hr \/>\n<p><strong>Stuttgart 21 im Wahlkampf<\/strong><\/p>\n<p>Stuttgart 21 muss im Wahlkampf thematisiert werden, denn Stuttgart 21 bringt f\u00fcr Stuttgart gravierende Nachteile, t\u00e4gliche Probleme und horrende Kosten.<\/p>\n<p>Beispiel S-Bahn: Der Stuttgarter Kopfbahnhof war nach Leipzig der p\u00fcnktlichste Bahnhof in Deutschland \u2013 bis Stuttgart 21 kam.<\/p>\n<p>Die Umbauten f\u00fcr den unterirdischen Tunnelbahnhof st\u00f6ren den laufenden Betrieb erheblich und nachhaltig: Von unzumutbaren Versp\u00e4tungen bis hin zu schweren Unf\u00e4llen wie Entgleisungen haben zehntausende Pendler &#8218;dank&#8216; Stuttgart 21 viel zu erdulden.<\/p>\n<p>Und die Probleme kommen nicht unerwartet. Fachleute wissen und warnen schon seit Jahren, dass das vorhandene Stellwerk sich mit den Umbauten nicht vertr\u00e4gt \u2013 der Bau eines neuen Stellwerkes f\u00fcr den Bau von Stuttgart 21 wurde aber aus Kostengr\u00fcnden &#8218;eingespart&#8216;. Einer von vielen Planungsfehlern, den Pendler in Stuttgart nun t\u00e4glich mit viel Zeit und Nerven bezahlen m\u00fcssen.<\/p>\n<p>Ebenso absehbar wie die bisherigen Versp\u00e4tungen und Probleme sind weitere M\u00e4ngel und Sch\u00e4den an der vorhandenen Infrastruktur sowie die langfristige Verschlechterung des Nah- und Regionalverhehrs durch Stuttgart 21. Diese politisch verordneten &#8218;Einsparungen&#8216; und Planungsfehlern sind den Stuttgartern nicht zuzumuten!<\/p>\n<p>Hintergrundinfos zum S-Bahn-Chaos:<\/p>\n<ul>\n<li><a href=\"http:\/\/www.ingenieure22.de\/\" target=\"_blank\">Ingenieure22 f\u00fcr den Kopfbahnhof<\/a><\/li>\n<li><a href=\"http:\/\/s-bahn-chaos.de\/\" target=\"_blank\">S-Bahn-Chaos in Stuttgart<\/a><\/li>\n<\/ul>\n","protected":false},"excerpt":{"rendered":"<p>Im Rahmen des Bundestagswahlkampfes kandidierten zwei Mitglieder der Netzwerke: Frank Schweizer im Wahlkreies Stuttgart I und Dr. Carola Eckstein im Wahlkreis Stuttgart II als Einzelbewerber um die Probleme um S21 in den Wahlkampf einzubringen. Die Bundestagskandidaten der Netzwerke Die beiden &hellip; <a href=\"https:\/\/netzwerke-21.de\/?page_id=140\">Weiterlesen <span class=\"meta-nav\">&rarr;<\/span><\/a><\/p>\n","protected":false},"author":1,"featured_media":0,"parent":170,"menu_order":0,"comment_status":"closed","ping_status":"closed","template":"","meta":{"footnotes":""},"class_list":["post-140","page","type-page","status-publish","hentry"],"_links":{"self":[{"href":"https:\/\/netzwerke-21.de\/index.php?rest_route=\/wp\/v2\/pages\/140","targetHints":{"allow":["GET"]}}],"collection":[{"href":"https:\/\/netzwerke-21.de\/index.php?rest_route=\/wp\/v2\/pages"}],"about":[{"href":"https:\/\/netzwerke-21.de\/index.php?rest_route=\/wp\/v2\/types\/page"}],"author":[{"embeddable":true,"href":"https:\/\/netzwerke-21.de\/index.php?rest_route=\/wp\/v2\/users\/1"}],"replies":[{"embeddable":true,"href":"https:\/\/netzwerke-21.de\/index.php?rest_route=%2Fwp%2Fv2%2Fcomments&post=140"}],"version-history":[{"count":2,"href":"https:\/\/netzwerke-21.de\/index.php?rest_route=\/wp\/v2\/pages\/140\/revisions"}],"predecessor-version":[{"id":389,"href":"https:\/\/netzwerke-21.de\/index.php?rest_route=\/wp\/v2\/pages\/140\/revisions\/389"}],"up":[{"embeddable":true,"href":"https:\/\/netzwerke-21.de\/index.php?rest_route=\/wp\/v2\/pages\/170"}],"wp:attachment":[{"href":"https:\/\/netzwerke-21.de\/index.php?rest_route=%2Fwp%2Fv2%2Fmedia&parent=140"}],"curies":[{"name":"wp","href":"https:\/\/api.w.org\/{rel}","templated":true}]}}